{"id":18,"date":"2025-09-16T13:25:59","date_gmt":"2025-09-16T11:25:59","guid":{"rendered":"https:\/\/cool.fingerprint.hu\/?page_id=18"},"modified":"2025-11-21T13:11:07","modified_gmt":"2025-11-21T12:11:07","slug":"referenciak","status":"publish","type":"page","link":"https:\/\/cool.fingerprint.hu\/?page_id=18","title":{"rendered":"Referenci\u00e1k"},"content":{"rendered":"\t\t<div data-elementor-type=\"wp-page\" data-elementor-id=\"18\" class=\"elementor elementor-18\" data-elementor-post-type=\"page\">\n\t\t\t\t<div class=\"elementor-element elementor-element-c50e2b0 e-con-full e-flex e-con e-parent\" data-id=\"c50e2b0\" data-element_type=\"container\">\n\t\t\t\t<div class=\"elementor-element elementor-element-9b2654f elementor--h-position-left elementor--v-position-middle elementor-arrows-position-inside elementor-pagination-position-inside elementor-widget elementor-widget-slides\" data-id=\"9b2654f\" data-element_type=\"widget\" data-settings=\"{&quot;navigation&quot;:&quot;both&quot;,&quot;autoplay&quot;:&quot;yes&quot;,&quot;pause_on_hover&quot;:&quot;yes&quot;,&quot;pause_on_interaction&quot;:&quot;yes&quot;,&quot;autoplay_speed&quot;:5000,&quot;infinite&quot;:&quot;yes&quot;,&quot;transition&quot;:&quot;slide&quot;,&quot;transition_speed&quot;:500}\" data-widget_type=\"slides.default\">\n\t\t\t\t\t\t\t\t\t\t<div class=\"elementor-slides-wrapper elementor-main-swiper swiper\" role=\"region\" aria-roledescription=\"carousel\" aria-label=\"Di\u00e1k\" dir=\"ltr\" data-animation=\"fadeInUp\">\n\t\t\t\t<div class=\"swiper-wrapper elementor-slides\">\n\t\t\t\t\t\t\t\t\t\t<div class=\"elementor-repeater-item-64c558e swiper-slide\" role=\"group\" aria-roledescription=\"slide\"><div class=\"swiper-slide-bg\" role=\"img\" aria-label=\"referenciak_slider\"><\/div><a class=\"swiper-slide-inner\" href=\"#kapcsolat\"><div class=\"swiper-slide-contents\"><div class=\"elementor-slide-heading\">Referenci\u00e1k<\/div><div class=\"elementor-slide-description\">Komplex kl\u00edma-f\u0171t\u00e9s-szell\u0151ztet\u00e9s<\/div><div  class=\"elementor-button elementor-slide-button elementor-size-sm\">Kapcsolat<\/div><\/div><\/a><\/div>\t\t\t\t<\/div>\n\t\t\t\t\t\t\t<\/div>\n\t\t\t\t\t\t\t\t<\/div>\n\t\t\t\t<\/div>\n\t\t<div class=\"elementor-element elementor-element-eb54eb7 e-con-full e-flex e-con e-parent\" data-id=\"eb54eb7\" data-element_type=\"container\" data-settings=\"{&quot;background_background&quot;:&quot;classic&quot;}\">\n\t\t\t\t<div class=\"elementor-element elementor-element-05df0bf elementor-widget elementor-widget-image-carousel\" data-id=\"05df0bf\" data-element_type=\"widget\" data-settings=\"{&quot;slides_to_show&quot;:&quot;9&quot;,&quot;navigation&quot;:&quot;none&quot;,&quot;image_spacing_custom&quot;:{&quot;unit&quot;:&quot;px&quot;,&quot;size&quot;:79,&quot;sizes&quot;:[]},&quot;autoplay&quot;:&quot;yes&quot;,&quot;pause_on_hover&quot;:&quot;yes&quot;,&quot;pause_on_interaction&quot;:&quot;yes&quot;,&quot;autoplay_speed&quot;:5000,&quot;infinite&quot;:&quot;yes&quot;,&quot;speed&quot;:500,&quot;image_spacing_custom_tablet&quot;:{&quot;unit&quot;:&quot;px&quot;,&quot;size&quot;:&quot;&quot;,&quot;sizes&quot;:[]},&quot;image_spacing_custom_mobile&quot;:{&quot;unit&quot;:&quot;px&quot;,&quot;size&quot;:&quot;&quot;,&quot;sizes&quot;:[]}}\" data-widget_type=\"image-carousel.default\">\n\t\t\t\t\t\t\t<div class=\"elementor-image-carousel-wrapper swiper\" role=\"region\" aria-roledescription=\"carousel\" aria-label=\"M\u00e1rk\u00e1k\" dir=\"ltr\">\n\t\t\t<div class=\"elementor-image-carousel swiper-wrapper\" aria-live=\"off\">\n\t\t\t\t\t\t\t\t<div class=\"swiper-slide\" role=\"group\" aria-roledescription=\"slide\" aria-label=\"1 \/ 9\"><figure class=\"swiper-slide-inner\"><img decoding=\"async\" class=\"swiper-slide-image\" src=\"https:\/\/cool.fingerprint.hu\/wp-content\/uploads\/2025\/10\/fischer.png\" alt=\"fischer\" \/><\/figure><\/div><div class=\"swiper-slide\" role=\"group\" aria-roledescription=\"slide\" aria-label=\"2 \/ 9\"><figure class=\"swiper-slide-inner\"><img decoding=\"async\" class=\"swiper-slide-image\" src=\"https:\/\/cool.fingerprint.hu\/wp-content\/uploads\/2025\/10\/gree.png\" alt=\"gree\" \/><\/figure><\/div><div class=\"swiper-slide\" role=\"group\" aria-roledescription=\"slide\" aria-label=\"3 \/ 9\"><figure class=\"swiper-slide-inner\"><img decoding=\"async\" class=\"swiper-slide-image\" src=\"https:\/\/cool.fingerprint.hu\/wp-content\/uploads\/2025\/10\/junkers.png\" alt=\"junkers\" \/><\/figure><\/div><div class=\"swiper-slide\" role=\"group\" aria-roledescription=\"slide\" aria-label=\"4 \/ 9\"><figure class=\"swiper-slide-inner\"><img decoding=\"async\" class=\"swiper-slide-image\" src=\"https:\/\/cool.fingerprint.hu\/wp-content\/uploads\/2025\/10\/lg.png\" alt=\"lg\" \/><\/figure><\/div><div class=\"swiper-slide\" role=\"group\" aria-roledescription=\"slide\" aria-label=\"5 \/ 9\"><figure class=\"swiper-slide-inner\"><img decoding=\"async\" class=\"swiper-slide-image\" src=\"https:\/\/cool.fingerprint.hu\/wp-content\/uploads\/2025\/10\/midea.png\" alt=\"midea\" \/><\/figure><\/div><div class=\"swiper-slide\" role=\"group\" aria-roledescription=\"slide\" aria-label=\"6 \/ 9\"><figure class=\"swiper-slide-inner\"><img decoding=\"async\" class=\"swiper-slide-image\" src=\"https:\/\/cool.fingerprint.hu\/wp-content\/uploads\/2025\/10\/mitsubishi.png\" alt=\"mitsubishi\" \/><\/figure><\/div><div class=\"swiper-slide\" role=\"group\" aria-roledescription=\"slide\" aria-label=\"7 \/ 9\"><figure class=\"swiper-slide-inner\"><img decoding=\"async\" class=\"swiper-slide-image\" src=\"https:\/\/cool.fingerprint.hu\/wp-content\/uploads\/2025\/10\/remeha.png\" alt=\"remeha\" \/><\/figure><\/div><div class=\"swiper-slide\" role=\"group\" aria-roledescription=\"slide\" aria-label=\"8 \/ 9\"><figure class=\"swiper-slide-inner\"><img decoding=\"async\" class=\"swiper-slide-image\" src=\"https:\/\/cool.fingerprint.hu\/wp-content\/uploads\/2025\/10\/samsung.png\" alt=\"samsung\" \/><\/figure><\/div><div class=\"swiper-slide\" role=\"group\" aria-roledescription=\"slide\" aria-label=\"9 \/ 9\"><figure class=\"swiper-slide-inner\"><img decoding=\"async\" class=\"swiper-slide-image\" src=\"https:\/\/cool.fingerprint.hu\/wp-content\/uploads\/2025\/10\/toshiba.png\" alt=\"toshiba\" \/><\/figure><\/div>\t\t\t<\/div>\n\t\t\t\t\t\t\t\n\t\t\t\t\t\t\t\t\t<\/div>\n\t\t\t\t\t\t<\/div>\n\t\t\t\t<\/div>\n\t\t<div class=\"elementor-element elementor-element-8f5c1a4 e-con-full e-flex e-con e-parent\" data-id=\"8f5c1a4\" data-element_type=\"container\" data-settings=\"{&quot;background_background&quot;:&quot;classic&quot;}\">\n\t\t<div class=\"elementor-element elementor-element-a3ece9d e-flex e-con-boxed e-con e-child\" data-id=\"a3ece9d\" data-element_type=\"container\">\n\t\t\t\t\t<div class=\"e-con-inner\">\n\t\t\t\t<div class=\"elementor-element elementor-element-e9ac96a elementor-widget elementor-widget-text-editor\" data-id=\"e9ac96a\" data-element_type=\"widget\" data-widget_type=\"text-editor.default\">\n\t\t\t\t\t\t\t\t\t<p>Az \u00e1ltalunk telep\u00edtett kl\u00edma-, f\u0171t\u00e9s- \u00e9s szell\u0151ztet\u0151 rendszerek egy\u00fcttesen nemcsak az \u00d6n komfortj\u00e1t n\u00f6velik, de egy teljes \u00e9letm\u00f3dot k\u00e9pesek megv\u00e1ltoztatni. Sz\u00e1mos megb\u00edz\u00e1sokon dolgoztunk eddig\u2026<\/p>\t\t\t\t\t\t\t\t<\/div>\n\t\t\t\t\t<\/div>\n\t\t\t\t<\/div>\n\t\t<div class=\"elementor-element elementor-element-55877c7 e-con-full e-flex e-con e-child\" data-id=\"55877c7\" data-element_type=\"container\">\n\t\t\t\t<div class=\"elementor-element elementor-element-1e01ba7 elementor-widget-divider--view-line elementor-widget elementor-widget-divider\" data-id=\"1e01ba7\" data-element_type=\"widget\" data-widget_type=\"divider.default\">\n\t\t\t\t\t\t\t<div class=\"elementor-divider\">\n\t\t\t<span class=\"elementor-divider-separator\">\n\t\t\t\t\t\t<\/span>\n\t\t<\/div>\n\t\t\t\t\t\t<\/div>\n\t\t\t\t<\/div>\n\t\t<div class=\"elementor-element elementor-element-ac86691 e-flex e-con-boxed e-con e-child\" data-id=\"ac86691\" data-element_type=\"container\">\n\t\t\t\t\t<div class=\"e-con-inner\">\n\t\t<div class=\"elementor-element elementor-element-be1c2d3 e-con-full e-flex e-con e-child\" data-id=\"be1c2d3\" data-element_type=\"container\">\n\t\t\t\t<div class=\"elementor-element elementor-element-4bfce0b elementor-widget elementor-widget-text-editor\" data-id=\"4bfce0b\" data-element_type=\"widget\" data-widget_type=\"text-editor.default\">\n\t\t\t\t\t\t\t\t\t<p>Az \u00e1ltalunk telep\u00edtett kondenz\u00e1ci\u00f3s kaz\u00e1nok ak\u00e1r 30%-kal cs\u00f6kkentik az energiafogyaszt\u00e1st (t\u00edpusf\u00fcgg\u0151 \u00e9s rendszerf\u00fcgg\u0151), ami olyan, mintha egy teljes csal\u00e1di h\u00e1z villanyk\u00f6lts\u00e9g\u00e9t egy \u00e9vig ingyen fedezn\u00e9nk. Az \u00e1ltalunk telep\u00edtett inverteres kl\u00edm\u00e1k pedig ak\u00e1r 40%-kal kevesebb energi\u00e1t fogyasztanak, mint a hagyom\u00e1nyos modellek, emiatt megfontoland\u00f3 hogy amortiz\u00e1ci\u00f3juk el\u0151tt aj\u00e1nlott lecser\u00e9lni \u0151ket.<\/p>\t\t\t\t\t\t\t\t<\/div>\n\t\t\t\t<\/div>\n\t\t<div class=\"elementor-element elementor-element-1b9c13d e-con-full e-flex e-con e-child\" data-id=\"1b9c13d\" data-element_type=\"container\">\n\t\t\t\t<div class=\"elementor-element elementor-element-7635864 elementor-widget elementor-widget-text-editor\" data-id=\"7635864\" data-element_type=\"widget\" data-widget_type=\"text-editor.default\">\n\t\t\t\t\t\t\t\t\t<p>Az \u00e1ltalunk telep\u00edtett szell\u0151ztet\u0151 rendszerek folyamatosan jav\u00edtj\u00e1k a bels\u0151 leveg\u0151min\u0151s\u00e9get\u2013 ez olyan, mintha minden nap egy erdei s\u00e9t\u00e1t tenn\u00e9nk az otthonunkb\u00f3l kil\u00e9p\u00e9s n\u00e9lk\u00fcl, teh\u00e1t az ablakunk folyamatosan nyitva lenne, mik\u00f6zben a dr\u00e1g\u00e1n f\u0171t\u00f6tt\/h\u0171t\u00f6tt leveg\u0151t energi\u00e1j\u00e1t visszatartjuk. Sz\u00e1mos csal\u00e1di h\u00e1zban telep\u00edtett k\u00f6zponti szell\u0151ztet\u0151 rendszerekn\u00e9l megtapasztalhat\u00f3 a leveg\u0151 min\u0151s\u00e9g\u00e9ben t\u00f6rt\u00e9n\u0151 javul\u00e1s.\u00a0<\/p>\t\t\t\t\t\t\t\t<\/div>\n\t\t\t\t<\/div>\n\t\t\t\t\t<\/div>\n\t\t\t\t<\/div>\n\t\t\t\t<\/div>\n\t\t<div class=\"elementor-element elementor-element-777997f e-flex e-con-boxed e-con e-parent\" data-id=\"777997f\" data-element_type=\"container\" data-settings=\"{&quot;background_background&quot;:&quot;classic&quot;}\">\n\t\t\t\t\t<div class=\"e-con-inner\">\n\t\t\t\t<div class=\"elementor-element elementor-element-70f4b6f elementor-widget__width-initial elementor-widget elementor-widget-text-editor\" data-id=\"70f4b6f\" data-element_type=\"widget\" data-widget_type=\"text-editor.default\">\n\t\t\t\t\t\t\t\t\t<p>Minden megb\u00edz\u00e1sunk egy l\u00e9p\u00e9ssel k\u00f6zelebb viszi \u00d6nt egy eg\u00e9szs\u00e9gesebb, fenntarthat\u00f3bb \u00e9s gazdas\u00e1gosabb \u00e9lethez.<\/p>\t\t\t\t\t\t\t\t<\/div>\n\t\t\t\t\t<\/div>\n\t\t\t\t<\/div>\n\t\t\t\t<\/div>\n\t\t","protected":false},"excerpt":{"rendered":"<p>Referenci\u00e1kKomplex kl\u00edma-f\u0171t\u00e9s-szell\u0151ztet\u00e9sKapcsolat Az \u00e1ltalunk telep\u00edtett kl\u00edma-, f\u0171t\u00e9s- \u00e9s szell\u0151ztet\u0151 rendszerek egy\u00fcttesen nemcsak az \u00d6n komfortj\u00e1t n\u00f6velik, de egy teljes \u00e9letm\u00f3dot k\u00e9pesek megv\u00e1ltoztatni. Sz\u00e1mos megb\u00edz\u00e1sokon dolgoztunk eddig\u2026 Az \u00e1ltalunk telep\u00edtett kondenz\u00e1ci\u00f3s kaz\u00e1nok ak\u00e1r 30%-kal cs\u00f6kkentik az energiafogyaszt\u00e1st (t\u00edpusf\u00fcgg\u0151 \u00e9s rendszerf\u00fcgg\u0151), ami olyan, mintha egy teljes csal\u00e1di h\u00e1z villanyk\u00f6lts\u00e9g\u00e9t egy \u00e9vig ingyen fedezn\u00e9nk. Az \u00e1ltalunk telep\u00edtett inverteres [&hellip;]<\/p>\n","protected":false},"author":1,"featured_media":0,"parent":0,"menu_order":0,"comment_status":"closed","ping_status":"closed","template":"","meta":{"_acf_changed":false,"footnotes":""},"class_list":["post-18","page","type-page","status-publish","hentry"],"acf":[],"_links":{"self":[{"href":"https:\/\/cool.fingerprint.hu\/index.php?rest_route=\/wp\/v2\/pages\/18","targetHints":{"allow":["GET"]}}],"collection":[{"href":"https:\/\/cool.fingerprint.hu\/index.php?rest_route=\/wp\/v2\/pages"}],"about":[{"href":"https:\/\/cool.fingerprint.hu\/index.php?rest_route=\/wp\/v2\/types\/page"}],"author":[{"embeddable":true,"href":"https:\/\/cool.fingerprint.hu\/index.php?rest_route=\/wp\/v2\/users\/1"}],"replies":[{"embeddable":true,"href":"https:\/\/cool.fingerprint.hu\/index.php?rest_route=%2Fwp%2Fv2%2Fcomments&post=18"}],"version-history":[{"count":11,"href":"https:\/\/cool.fingerprint.hu\/index.php?rest_route=\/wp\/v2\/pages\/18\/revisions"}],"predecessor-version":[{"id":324,"href":"https:\/\/cool.fingerprint.hu\/index.php?rest_route=\/wp\/v2\/pages\/18\/revisions\/324"}],"wp:attachment":[{"href":"https:\/\/cool.fingerprint.hu\/index.php?rest_route=%2Fwp%2Fv2%2Fmedia&parent=18"}],"curies":[{"name":"wp","href":"https:\/\/api.w.org\/{rel}","templated":true}]}}