{"id":20,"date":"2025-09-16T13:26:18","date_gmt":"2025-09-16T11:26:18","guid":{"rendered":"https:\/\/cool.fingerprint.hu\/?page_id=20"},"modified":"2025-11-21T13:15:36","modified_gmt":"2025-11-21T12:15:36","slug":"rolunk","status":"publish","type":"page","link":"https:\/\/cool.fingerprint.hu\/?page_id=20","title":{"rendered":"R\u00f3lunk"},"content":{"rendered":"\t\t<div data-elementor-type=\"wp-page\" data-elementor-id=\"20\" class=\"elementor elementor-20\" data-elementor-post-type=\"page\">\n\t\t\t\t<div class=\"elementor-element elementor-element-1f1151b e-con-full e-flex e-con e-parent\" data-id=\"1f1151b\" data-element_type=\"container\">\n\t\t\t\t<div class=\"elementor-element elementor-element-14b7874 elementor--h-position-left elementor--v-position-middle elementor-arrows-position-inside elementor-pagination-position-inside elementor-widget elementor-widget-slides\" data-id=\"14b7874\" data-element_type=\"widget\" data-settings=\"{&quot;navigation&quot;:&quot;both&quot;,&quot;autoplay&quot;:&quot;yes&quot;,&quot;pause_on_hover&quot;:&quot;yes&quot;,&quot;pause_on_interaction&quot;:&quot;yes&quot;,&quot;autoplay_speed&quot;:5000,&quot;infinite&quot;:&quot;yes&quot;,&quot;transition&quot;:&quot;slide&quot;,&quot;transition_speed&quot;:500}\" data-widget_type=\"slides.default\">\n\t\t\t\t\t\t\t\t\t\t<div class=\"elementor-slides-wrapper elementor-main-swiper swiper\" role=\"region\" aria-roledescription=\"carousel\" aria-label=\"Di\u00e1k\" dir=\"ltr\" data-animation=\"fadeInUp\">\n\t\t\t\t<div class=\"swiper-wrapper elementor-slides\">\n\t\t\t\t\t\t\t\t\t\t<div class=\"elementor-repeater-item-64c558e swiper-slide\" role=\"group\" aria-roledescription=\"slide\"><div class=\"swiper-slide-bg\" role=\"img\" aria-label=\"rolunk_slider\"><\/div><a class=\"swiper-slide-inner\" href=\"#kapcsolat\"><div class=\"swiper-slide-contents\"><div class=\"elementor-slide-heading\">R\u00f3lunk<\/div><div class=\"elementor-slide-description\">24 \u00f3r\u00e1n bel\u00fcl a legjobb megold\u00e1st aj\u00e1nljuk<\/div><div  class=\"elementor-button elementor-slide-button elementor-size-sm\">Kapcsolat<\/div><\/div><\/a><\/div>\t\t\t\t<\/div>\n\t\t\t\t\t\t\t<\/div>\n\t\t\t\t\t\t\t\t<\/div>\n\t\t\t\t<\/div>\n\t\t<div class=\"elementor-element elementor-element-1a64f4a e-con-full e-flex e-con e-parent\" data-id=\"1a64f4a\" data-element_type=\"container\" data-settings=\"{&quot;background_background&quot;:&quot;classic&quot;}\">\n\t\t<div class=\"elementor-element elementor-element-cb96bdd e-flex e-con-boxed e-con e-child\" data-id=\"cb96bdd\" data-element_type=\"container\">\n\t\t\t\t\t<div class=\"e-con-inner\">\n\t\t<div class=\"elementor-element elementor-element-7dbbb58 e-con-full e-flex e-con e-child\" data-id=\"7dbbb58\" data-element_type=\"container\">\n\t\t\t\t<div class=\"elementor-element elementor-element-b5b974c elementor-widget elementor-widget-text-editor\" data-id=\"b5b974c\" data-element_type=\"widget\" data-widget_type=\"text-editor.default\">\n\t\t\t\t\t\t\t\t\tMi a lak\u00f3ingatlanokban elt\u00f6lt\u00f6tt id\u0151 komfortj\u00e1t emelj\u00fck egy \u00faj szintre. C\u00e9lunk, hogy minden t\u00e9rben kiv\u00e1l\u00f3 h\u0151\u00e9rzetet biztos\u00edtsunk, legyen sz\u00f3 a forr\u00f3 ny\u00e1ri napokr\u00f3l vagy a t\u00e9li hidegekr\u0151l. Kulcsszavaink: <span style=\"color: #f1b70c;\">hat\u00e9konys\u00e1g, megb\u00edzhat\u00f3s\u00e1g \u00e9s szak\u00e9rtelem.<\/span>\t\t\t\t\t\t\t\t<\/div>\n\t\t\t\t<\/div>\n\t\t<div class=\"elementor-element elementor-element-25df762 e-con-full e-flex e-con e-child\" data-id=\"25df762\" data-element_type=\"container\">\n\t\t\t\t<div class=\"elementor-element elementor-element-e66bc76 elementor-widget elementor-widget-text-editor\" data-id=\"e66bc76\" data-element_type=\"widget\" data-widget_type=\"text-editor.default\">\n\t\t\t\t\t\t\t\t\t<p><span style=\"white-space-collapse: preserve;\">Amikor vel\u00fcnk dolgozik, \u00d6n nem egyszer\u0171en egy \u00fcgyf\u00e9l \u2013 strat\u00e9giai partner\u00fcnk, akivel k\u00f6z\u00f6sen alak\u00edtjuk ki azt a t\u00e9rbeli \u00e9lm\u00e9nyt, amely teljes m\u00e9rt\u00e9kben igazodik az \u00d6n ig\u00e9nyeihez, az adott ingatlan specifikumaihoz \u00e9s az elv\u00e1rt hat\u00e9konys\u00e1ghoz.<\/span><\/p>\t\t\t\t\t\t\t\t<\/div>\n\t\t\t\t<\/div>\n\t\t\t\t\t<\/div>\n\t\t\t\t<\/div>\n\t\t<div class=\"elementor-element elementor-element-6d6655e e-con-full e-flex e-con e-child\" data-id=\"6d6655e\" data-element_type=\"container\">\n\t\t\t\t<div class=\"elementor-element elementor-element-3b5f1f7 elementor-widget-divider--view-line elementor-widget elementor-widget-divider\" data-id=\"3b5f1f7\" data-element_type=\"widget\" data-widget_type=\"divider.default\">\n\t\t\t\t\t\t\t<div class=\"elementor-divider\">\n\t\t\t<span class=\"elementor-divider-separator\">\n\t\t\t\t\t\t<\/span>\n\t\t<\/div>\n\t\t\t\t\t\t<\/div>\n\t\t\t\t<\/div>\n\t\t<div class=\"elementor-element elementor-element-73a763c e-flex e-con-boxed e-con e-child\" data-id=\"73a763c\" data-element_type=\"container\">\n\t\t\t\t\t<div class=\"e-con-inner\">\n\t\t\t\t<div class=\"elementor-element elementor-element-3009dde elementor-widget elementor-widget-text-editor\" data-id=\"3009dde\" data-element_type=\"widget\" data-widget_type=\"text-editor.default\">\n\t\t\t\t\t\t\t\t\t<p>M\u00edg m\u00e1sok els\u0151sorban a term\u00e9kekre \u00f6sszpontos\u00edtanak, mi a teljes \u00e9lm\u00e9nyt helyezz\u00fck el\u0151t\u00e9rbe: a tervez\u00e9st\u0151l a telep\u00edt\u00e9sig, a karbantart\u00e1st\u00f3l az innovat\u00edv fejleszt\u00e9sekig. <br \/><br \/>Szolg\u00e1ltat\u00e1sunk addig tart, am\u00edg az \u00d6n elv\u00e1r\u00e1sai ment\u00e9n ki nem alak\u00edtjuk az \u00e9vszakokhoz illeszked\u0151, legkomfortosabb otthoni h\u0151m\u00e9rs\u00e9kletet \u00e9s leveg\u0151min\u0151s\u00e9get.\u00a0<\/p>\t\t\t\t\t\t\t\t<\/div>\n\t\t\t\t\t<\/div>\n\t\t\t\t<\/div>\n\t\t\t\t<\/div>\n\t\t<div class=\"elementor-element elementor-element-ef27524 e-flex e-con-boxed e-con e-parent\" data-id=\"ef27524\" data-element_type=\"container\" data-settings=\"{&quot;background_background&quot;:&quot;classic&quot;}\">\n\t\t\t\t\t<div class=\"e-con-inner\">\n\t\t\t\t<div class=\"elementor-element elementor-element-1a57900 elementor-widget__width-initial elementor-widget elementor-widget-text-editor\" data-id=\"1a57900\" data-element_type=\"widget\" data-widget_type=\"text-editor.default\">\n\t\t\t\t\t\t\t\t\t<p>Az \u00e1ltalunk telep\u00edtett rendszerek nemcsak energiatakar\u00e9kosak \u00e9s hat\u00e9konyak, hanem \u00e9szrev\u00e9tlen\u00fcl illeszkednek az \u00d6n indennapjaihoz, mik\u00f6zben a lehet\u0151 legoptim\u00e1lisabb m\u00f3don alkalmazzuk a modern, k\u00f6rnyezettudatos technol\u00f3gi\u00e1kat is.<\/p>\t\t\t\t\t\t\t\t<\/div>\n\t\t\t\t<div class=\"elementor-element elementor-element-c68b51b elementor-align-left elementor-mobile-align-right elementor-widget elementor-widget-button\" data-id=\"c68b51b\" data-element_type=\"widget\" data-widget_type=\"button.default\">\n\t\t\t\t\t\t\t\t\t\t<a class=\"elementor-button elementor-button-link elementor-size-sm\" href=\"#\">\n\t\t\t\t\t\t<span class=\"elementor-button-content-wrapper\">\n\t\t\t\t\t\t\t\t\t<span class=\"elementor-button-text\">Referenci\u00e1ink<\/span>\n\t\t\t\t\t<\/span>\n\t\t\t\t\t<\/a>\n\t\t\t\t\t\t\t\t<\/div>\n\t\t\t\t\t<\/div>\n\t\t\t\t<\/div>\n\t\t<div class=\"elementor-element elementor-element-0dd3aa1 e-con-full e-flex e-con e-parent\" data-id=\"0dd3aa1\" data-element_type=\"container\" data-settings=\"{&quot;background_background&quot;:&quot;classic&quot;}\">\n\t\t\t\t<div class=\"elementor-element elementor-element-e945b7a elementor-widget elementor-widget-image-carousel\" data-id=\"e945b7a\" data-element_type=\"widget\" data-settings=\"{&quot;slides_to_show&quot;:&quot;9&quot;,&quot;navigation&quot;:&quot;none&quot;,&quot;image_spacing_custom&quot;:{&quot;unit&quot;:&quot;px&quot;,&quot;size&quot;:79,&quot;sizes&quot;:[]},&quot;autoplay&quot;:&quot;yes&quot;,&quot;pause_on_hover&quot;:&quot;yes&quot;,&quot;pause_on_interaction&quot;:&quot;yes&quot;,&quot;autoplay_speed&quot;:5000,&quot;infinite&quot;:&quot;yes&quot;,&quot;speed&quot;:500,&quot;image_spacing_custom_tablet&quot;:{&quot;unit&quot;:&quot;px&quot;,&quot;size&quot;:&quot;&quot;,&quot;sizes&quot;:[]},&quot;image_spacing_custom_mobile&quot;:{&quot;unit&quot;:&quot;px&quot;,&quot;size&quot;:&quot;&quot;,&quot;sizes&quot;:[]}}\" data-widget_type=\"image-carousel.default\">\n\t\t\t\t\t\t\t<div class=\"elementor-image-carousel-wrapper swiper\" role=\"region\" aria-roledescription=\"carousel\" aria-label=\"M\u00e1rk\u00e1k\" dir=\"ltr\">\n\t\t\t<div class=\"elementor-image-carousel swiper-wrapper\" aria-live=\"off\">\n\t\t\t\t\t\t\t\t<div class=\"swiper-slide\" role=\"group\" aria-roledescription=\"slide\" aria-label=\"1 \/ 9\"><figure class=\"swiper-slide-inner\"><img decoding=\"async\" class=\"swiper-slide-image\" src=\"https:\/\/cool.fingerprint.hu\/wp-content\/uploads\/2025\/10\/fischer.png\" alt=\"fischer\" \/><\/figure><\/div><div class=\"swiper-slide\" role=\"group\" aria-roledescription=\"slide\" aria-label=\"2 \/ 9\"><figure class=\"swiper-slide-inner\"><img decoding=\"async\" class=\"swiper-slide-image\" src=\"https:\/\/cool.fingerprint.hu\/wp-content\/uploads\/2025\/10\/gree.png\" alt=\"gree\" \/><\/figure><\/div><div class=\"swiper-slide\" role=\"group\" aria-roledescription=\"slide\" aria-label=\"3 \/ 9\"><figure class=\"swiper-slide-inner\"><img decoding=\"async\" class=\"swiper-slide-image\" src=\"https:\/\/cool.fingerprint.hu\/wp-content\/uploads\/2025\/10\/junkers.png\" alt=\"junkers\" \/><\/figure><\/div><div class=\"swiper-slide\" role=\"group\" aria-roledescription=\"slide\" aria-label=\"4 \/ 9\"><figure class=\"swiper-slide-inner\"><img decoding=\"async\" class=\"swiper-slide-image\" src=\"https:\/\/cool.fingerprint.hu\/wp-content\/uploads\/2025\/10\/lg.png\" alt=\"lg\" \/><\/figure><\/div><div class=\"swiper-slide\" role=\"group\" aria-roledescription=\"slide\" aria-label=\"5 \/ 9\"><figure class=\"swiper-slide-inner\"><img decoding=\"async\" class=\"swiper-slide-image\" src=\"https:\/\/cool.fingerprint.hu\/wp-content\/uploads\/2025\/10\/midea.png\" alt=\"midea\" \/><\/figure><\/div><div class=\"swiper-slide\" role=\"group\" aria-roledescription=\"slide\" aria-label=\"6 \/ 9\"><figure class=\"swiper-slide-inner\"><img decoding=\"async\" class=\"swiper-slide-image\" src=\"https:\/\/cool.fingerprint.hu\/wp-content\/uploads\/2025\/10\/mitsubishi.png\" alt=\"mitsubishi\" \/><\/figure><\/div><div class=\"swiper-slide\" role=\"group\" aria-roledescription=\"slide\" aria-label=\"7 \/ 9\"><figure class=\"swiper-slide-inner\"><img decoding=\"async\" class=\"swiper-slide-image\" src=\"https:\/\/cool.fingerprint.hu\/wp-content\/uploads\/2025\/10\/remeha.png\" alt=\"remeha\" \/><\/figure><\/div><div class=\"swiper-slide\" role=\"group\" aria-roledescription=\"slide\" aria-label=\"8 \/ 9\"><figure class=\"swiper-slide-inner\"><img decoding=\"async\" class=\"swiper-slide-image\" src=\"https:\/\/cool.fingerprint.hu\/wp-content\/uploads\/2025\/10\/samsung.png\" alt=\"samsung\" \/><\/figure><\/div><div class=\"swiper-slide\" role=\"group\" aria-roledescription=\"slide\" aria-label=\"9 \/ 9\"><figure class=\"swiper-slide-inner\"><img decoding=\"async\" class=\"swiper-slide-image\" src=\"https:\/\/cool.fingerprint.hu\/wp-content\/uploads\/2025\/10\/toshiba.png\" alt=\"toshiba\" \/><\/figure><\/div>\t\t\t<\/div>\n\t\t\t\t\t\t\t\n\t\t\t\t\t\t\t\t\t<\/div>\n\t\t\t\t\t\t<\/div>\n\t\t\t\t<\/div>\n\t\t\t\t<\/div>\n\t\t","protected":false},"excerpt":{"rendered":"<p>R\u00f3lunk24 \u00f3r\u00e1n bel\u00fcl a legjobb megold\u00e1st aj\u00e1nljukKapcsolat Mi a lak\u00f3ingatlanokban elt\u00f6lt\u00f6tt id\u0151 komfortj\u00e1t emelj\u00fck egy \u00faj szintre. C\u00e9lunk, hogy minden t\u00e9rben kiv\u00e1l\u00f3 h\u0151\u00e9rzetet biztos\u00edtsunk, legyen sz\u00f3 a forr\u00f3 ny\u00e1ri napokr\u00f3l vagy a t\u00e9li hidegekr\u0151l. Kulcsszavaink: hat\u00e9konys\u00e1g, megb\u00edzhat\u00f3s\u00e1g \u00e9s szak\u00e9rtelem. Amikor vel\u00fcnk dolgozik, \u00d6n nem egyszer\u0171en egy \u00fcgyf\u00e9l \u2013 strat\u00e9giai partner\u00fcnk, akivel k\u00f6z\u00f6sen alak\u00edtjuk ki azt [&hellip;]<\/p>\n","protected":false},"author":1,"featured_media":0,"parent":0,"menu_order":0,"comment_status":"closed","ping_status":"closed","template":"elementor_header_footer","meta":{"_acf_changed":false,"footnotes":""},"class_list":["post-20","page","type-page","status-publish","hentry"],"acf":[],"_links":{"self":[{"href":"https:\/\/cool.fingerprint.hu\/index.php?rest_route=\/wp\/v2\/pages\/20","targetHints":{"allow":["GET"]}}],"collection":[{"href":"https:\/\/cool.fingerprint.hu\/index.php?rest_route=\/wp\/v2\/pages"}],"about":[{"href":"https:\/\/cool.fingerprint.hu\/index.php?rest_route=\/wp\/v2\/types\/page"}],"author":[{"embeddable":true,"href":"https:\/\/cool.fingerprint.hu\/index.php?rest_route=\/wp\/v2\/users\/1"}],"replies":[{"embeddable":true,"href":"https:\/\/cool.fingerprint.hu\/index.php?rest_route=%2Fwp%2Fv2%2Fcomments&post=20"}],"version-history":[{"count":10,"href":"https:\/\/cool.fingerprint.hu\/index.php?rest_route=\/wp\/v2\/pages\/20\/revisions"}],"predecessor-version":[{"id":330,"href":"https:\/\/cool.fingerprint.hu\/index.php?rest_route=\/wp\/v2\/pages\/20\/revisions\/330"}],"wp:attachment":[{"href":"https:\/\/cool.fingerprint.hu\/index.php?rest_route=%2Fwp%2Fv2%2Fmedia&parent=20"}],"curies":[{"name":"wp","href":"https:\/\/api.w.org\/{rel}","templated":true}]}}