{"id":22,"date":"2025-09-16T13:26:36","date_gmt":"2025-09-16T11:26:36","guid":{"rendered":"https:\/\/cool.fingerprint.hu\/?page_id=22"},"modified":"2025-11-21T13:20:26","modified_gmt":"2025-11-21T12:20:26","slug":"blog","status":"publish","type":"page","link":"https:\/\/cool.fingerprint.hu\/?page_id=22","title":{"rendered":"Blog"},"content":{"rendered":"\t\t<div data-elementor-type=\"wp-page\" data-elementor-id=\"22\" class=\"elementor elementor-22\" data-elementor-post-type=\"page\">\n\t\t\t\t<div class=\"elementor-element elementor-element-4ada77b e-con-full e-flex e-con e-parent\" data-id=\"4ada77b\" data-element_type=\"container\">\n\t\t\t\t<div class=\"elementor-element elementor-element-7fd918a elementor--h-position-left elementor--v-position-middle elementor-arrows-position-inside elementor-pagination-position-inside elementor-widget elementor-widget-slides\" data-id=\"7fd918a\" data-element_type=\"widget\" data-settings=\"{&quot;navigation&quot;:&quot;both&quot;,&quot;autoplay&quot;:&quot;yes&quot;,&quot;pause_on_hover&quot;:&quot;yes&quot;,&quot;pause_on_interaction&quot;:&quot;yes&quot;,&quot;autoplay_speed&quot;:5000,&quot;infinite&quot;:&quot;yes&quot;,&quot;transition&quot;:&quot;slide&quot;,&quot;transition_speed&quot;:500}\" data-widget_type=\"slides.default\">\n\t\t\t\t\t\t\t\t\t\t<div class=\"elementor-slides-wrapper elementor-main-swiper swiper\" role=\"region\" aria-roledescription=\"carousel\" aria-label=\"Di\u00e1k\" dir=\"ltr\" data-animation=\"fadeInUp\">\n\t\t\t\t<div class=\"swiper-wrapper elementor-slides\">\n\t\t\t\t\t\t\t\t\t\t<div class=\"elementor-repeater-item-64c558e swiper-slide\" role=\"group\" aria-roledescription=\"slide\"><div class=\"swiper-slide-bg\" role=\"img\" aria-label=\"blog_slider\"><\/div><a class=\"swiper-slide-inner\" href=\"https:\/\/cool.fingerprint.hu\/?page_id=15\"><div class=\"swiper-slide-contents\"><div class=\"elementor-slide-heading\">Blog<\/div><div class=\"elementor-slide-description\">Komplex kl\u00edma-f\u0171t\u00e9s-szell\u0151ztet\u00e9s<\/div><div  class=\"elementor-button elementor-slide-button elementor-size-sm\">Kapcsolat<\/div><\/div><\/a><\/div>\t\t\t\t<\/div>\n\t\t\t\t\t\t\t<\/div>\n\t\t\t\t\t\t\t\t<\/div>\n\t\t\t\t<\/div>\n\t\t<div class=\"elementor-element elementor-element-a2746ac e-flex e-con-boxed e-con e-parent\" data-id=\"a2746ac\" data-element_type=\"container\" data-settings=\"{&quot;background_background&quot;:&quot;classic&quot;}\">\n\t\t\t\t\t<div class=\"e-con-inner\">\n\t\t\t\t<div class=\"elementor-element elementor-element-d27ed04 elementor-grid-2 elementor-grid-tablet-2 elementor-grid-mobile-1 elementor-posts--thumbnail-top elementor-widget elementor-widget-posts\" data-id=\"d27ed04\" data-element_type=\"widget\" data-settings=\"{&quot;classic_columns&quot;:&quot;2&quot;,&quot;classic_row_gap&quot;:{&quot;unit&quot;:&quot;px&quot;,&quot;size&quot;:70,&quot;sizes&quot;:[]},&quot;classic_columns_tablet&quot;:&quot;2&quot;,&quot;classic_columns_mobile&quot;:&quot;1&quot;,&quot;classic_row_gap_tablet&quot;:{&quot;unit&quot;:&quot;px&quot;,&quot;size&quot;:&quot;&quot;,&quot;sizes&quot;:[]},&quot;classic_row_gap_mobile&quot;:{&quot;unit&quot;:&quot;px&quot;,&quot;size&quot;:&quot;&quot;,&quot;sizes&quot;:[]}}\" data-widget_type=\"posts.classic\">\n\t\t\t\t<div class=\"elementor-widget-container\">\n\t\t\t\t\t\t\t<div class=\"elementor-posts-container elementor-posts elementor-posts--skin-classic elementor-grid\" role=\"list\">\n\t\t\t\t<article class=\"elementor-post elementor-grid-item post-254 post type-post status-publish format-standard has-post-thumbnail hentry category-uncategorized\" role=\"listitem\">\n\t\t\t\t<a class=\"elementor-post__thumbnail__link\" href=\"https:\/\/cool.fingerprint.hu\/?p=254\" tabindex=\"-1\" >\n\t\t\t<div class=\"elementor-post__thumbnail\"><img fetchpriority=\"high\" decoding=\"async\" width=\"691\" height=\"420\" src=\"https:\/\/cool.fingerprint.hu\/wp-content\/uploads\/2025\/10\/szolg_epuletg.jpg\" class=\"attachment-full size-full wp-image-197\" alt=\"\" srcset=\"https:\/\/cool.fingerprint.hu\/wp-content\/uploads\/2025\/10\/szolg_epuletg.jpg 691w, https:\/\/cool.fingerprint.hu\/wp-content\/uploads\/2025\/10\/szolg_epuletg-300x182.jpg 300w\" sizes=\"(max-width: 691px) 100vw, 691px\" \/><\/div>\n\t\t<\/a>\n\t\t\t\t<div class=\"elementor-post__text\">\n\t\t\t\t<h3 class=\"elementor-post__title\">\n\t\t\t<a href=\"https:\/\/cool.fingerprint.hu\/?p=254\" >\n\t\t\t\tMi\u00e9rt \u00e9rdemes korszer\u0171 g\u00e1zkaz\u00e1nra v\u00e1ltani?\t\t\t<\/a>\n\t\t<\/h3>\n\t\t\t\t<\/div>\n\t\t\t\t<\/article>\n\t\t\t\t<article class=\"elementor-post elementor-grid-item post-252 post type-post status-publish format-standard has-post-thumbnail hentry category-uncategorized\" role=\"listitem\">\n\t\t\t\t<a class=\"elementor-post__thumbnail__link\" href=\"https:\/\/cool.fingerprint.hu\/?p=252\" tabindex=\"-1\" >\n\t\t\t<div class=\"elementor-post__thumbnail\"><img decoding=\"async\" width=\"1935\" height=\"1288\" src=\"https:\/\/cool.fingerprint.hu\/wp-content\/uploads\/2025\/10\/rolunk_hatter_2.jpg\" class=\"attachment-full size-full wp-image-211\" alt=\"\" srcset=\"https:\/\/cool.fingerprint.hu\/wp-content\/uploads\/2025\/10\/rolunk_hatter_2.jpg 1935w, https:\/\/cool.fingerprint.hu\/wp-content\/uploads\/2025\/10\/rolunk_hatter_2-300x200.jpg 300w, https:\/\/cool.fingerprint.hu\/wp-content\/uploads\/2025\/10\/rolunk_hatter_2-1024x682.jpg 1024w, https:\/\/cool.fingerprint.hu\/wp-content\/uploads\/2025\/10\/rolunk_hatter_2-768x511.jpg 768w, https:\/\/cool.fingerprint.hu\/wp-content\/uploads\/2025\/10\/rolunk_hatter_2-1536x1022.jpg 1536w\" sizes=\"(max-width: 1935px) 100vw, 1935px\" \/><\/div>\n\t\t<\/a>\n\t\t\t\t<div class=\"elementor-post__text\">\n\t\t\t\t<h3 class=\"elementor-post__title\">\n\t\t\t<a href=\"https:\/\/cool.fingerprint.hu\/?p=252\" >\n\t\t\t\tMi\u00e9rt kell \u00e9vente \u00e1tn\u00e9zetni a g\u00e1zkaz\u00e1nt?\t\t\t<\/a>\n\t\t<\/h3>\n\t\t\t\t<\/div>\n\t\t\t\t<\/article>\n\t\t\t\t<article class=\"elementor-post elementor-grid-item post-249 post type-post status-publish format-standard has-post-thumbnail hentry category-uncategorized\" role=\"listitem\">\n\t\t\t\t<a class=\"elementor-post__thumbnail__link\" href=\"https:\/\/cool.fingerprint.hu\/?p=249\" tabindex=\"-1\" >\n\t\t\t<div class=\"elementor-post__thumbnail\"><img decoding=\"async\" width=\"691\" height=\"400\" src=\"https:\/\/cool.fingerprint.hu\/wp-content\/uploads\/2025\/10\/szolg_klima.jpg\" class=\"attachment-full size-full wp-image-192\" alt=\"\" srcset=\"https:\/\/cool.fingerprint.hu\/wp-content\/uploads\/2025\/10\/szolg_klima.jpg 691w, https:\/\/cool.fingerprint.hu\/wp-content\/uploads\/2025\/10\/szolg_klima-300x174.jpg 300w\" sizes=\"(max-width: 691px) 100vw, 691px\" \/><\/div>\n\t\t<\/a>\n\t\t\t\t<div class=\"elementor-post__text\">\n\t\t\t\t<h3 class=\"elementor-post__title\">\n\t\t\t<a href=\"https:\/\/cool.fingerprint.hu\/?p=249\" >\n\t\t\t\tMi\u00e9rt \u00e9rdemes kl\u00edm\u00e1val f\u0171teni?\t\t\t<\/a>\n\t\t<\/h3>\n\t\t\t\t<\/div>\n\t\t\t\t<\/article>\n\t\t\t\t<article class=\"elementor-post elementor-grid-item post-140 post type-post status-publish format-standard has-post-thumbnail hentry category-uncategorized\" role=\"listitem\">\n\t\t\t\t<a class=\"elementor-post__thumbnail__link\" href=\"https:\/\/cool.fingerprint.hu\/?p=140\" tabindex=\"-1\" >\n\t\t\t<div class=\"elementor-post__thumbnail\"><img loading=\"lazy\" decoding=\"async\" width=\"467\" height=\"267\" src=\"https:\/\/cool.fingerprint.hu\/wp-content\/uploads\/2025\/10\/blog_3.png\" class=\"attachment-full size-full wp-image-141\" alt=\"\" srcset=\"https:\/\/cool.fingerprint.hu\/wp-content\/uploads\/2025\/10\/blog_3.png 467w, https:\/\/cool.fingerprint.hu\/wp-content\/uploads\/2025\/10\/blog_3-300x172.png 300w\" sizes=\"(max-width: 467px) 100vw, 467px\" \/><\/div>\n\t\t<\/a>\n\t\t\t\t<div class=\"elementor-post__text\">\n\t\t\t\t<h3 class=\"elementor-post__title\">\n\t\t\t<a href=\"https:\/\/cool.fingerprint.hu\/?p=140\" >\n\t\t\t\tTudta?! Vesz\u00e9lyes lehet a t\u00fal magas p\u00e1ratartalom a lak\u00e1sban\t\t\t<\/a>\n\t\t<\/h3>\n\t\t\t\t<\/div>\n\t\t\t\t<\/article>\n\t\t\t\t<article class=\"elementor-post elementor-grid-item post-137 post type-post status-publish format-standard has-post-thumbnail hentry category-uncategorized\" role=\"listitem\">\n\t\t\t\t<a class=\"elementor-post__thumbnail__link\" href=\"https:\/\/cool.fingerprint.hu\/?p=137\" tabindex=\"-1\" >\n\t\t\t<div class=\"elementor-post__thumbnail\"><img loading=\"lazy\" decoding=\"async\" width=\"467\" height=\"267\" src=\"https:\/\/cool.fingerprint.hu\/wp-content\/uploads\/2025\/10\/blog_2.png\" class=\"attachment-full size-full wp-image-138\" alt=\"\" srcset=\"https:\/\/cool.fingerprint.hu\/wp-content\/uploads\/2025\/10\/blog_2.png 467w, https:\/\/cool.fingerprint.hu\/wp-content\/uploads\/2025\/10\/blog_2-300x172.png 300w\" sizes=\"(max-width: 467px) 100vw, 467px\" \/><\/div>\n\t\t<\/a>\n\t\t\t\t<div class=\"elementor-post__text\">\n\t\t\t\t<h3 class=\"elementor-post__title\">\n\t\t\t<a href=\"https:\/\/cool.fingerprint.hu\/?p=137\" >\n\t\t\t\tKl\u00edma \u00e1rak 2025-ben: Mit \u00e9rdemes tudni \u2013 v\u00e1s\u00e1rl\u00e1s el\u0151tt?\t\t\t<\/a>\n\t\t<\/h3>\n\t\t\t\t<\/div>\n\t\t\t\t<\/article>\n\t\t\t\t<article class=\"elementor-post elementor-grid-item post-134 post type-post status-publish format-standard has-post-thumbnail hentry category-uncategorized\" role=\"listitem\">\n\t\t\t\t<a class=\"elementor-post__thumbnail__link\" href=\"https:\/\/cool.fingerprint.hu\/?p=134\" tabindex=\"-1\" >\n\t\t\t<div class=\"elementor-post__thumbnail\"><img loading=\"lazy\" decoding=\"async\" width=\"467\" height=\"267\" src=\"https:\/\/cool.fingerprint.hu\/wp-content\/uploads\/2025\/10\/blog_1.png\" class=\"attachment-full size-full wp-image-136\" alt=\"\" srcset=\"https:\/\/cool.fingerprint.hu\/wp-content\/uploads\/2025\/10\/blog_1.png 467w, https:\/\/cool.fingerprint.hu\/wp-content\/uploads\/2025\/10\/blog_1-300x172.png 300w\" sizes=\"(max-width: 467px) 100vw, 467px\" \/><\/div>\n\t\t<\/a>\n\t\t\t\t<div class=\"elementor-post__text\">\n\t\t\t\t<h3 class=\"elementor-post__title\">\n\t\t\t<a href=\"https:\/\/cool.fingerprint.hu\/?p=134\" >\n\t\t\t\tKomoly kock\u00e1zatokat rejt az elhanyagolt kl\u00edmaberendez\u00e9s\t\t\t<\/a>\n\t\t<\/h3>\n\t\t\t\t<\/div>\n\t\t\t\t<\/article>\n\t\t\t\t<\/div>\n\t\t\n\t\t\t\t\t\t<\/div>\n\t\t\t\t<\/div>\n\t\t\t\t\t<\/div>\n\t\t\t\t<\/div>\n\t\t\t\t<\/div>\n\t\t","protected":false},"excerpt":{"rendered":"<p>BlogKomplex kl\u00edma-f\u0171t\u00e9s-szell\u0151ztet\u00e9sKapcsolat<\/p>\n","protected":false},"author":1,"featured_media":0,"parent":0,"menu_order":0,"comment_status":"closed","ping_status":"closed","template":"elementor_header_footer","meta":{"_acf_changed":false,"footnotes":""},"class_list":["post-22","page","type-page","status-publish","hentry"],"acf":[],"_links":{"self":[{"href":"https:\/\/cool.fingerprint.hu\/index.php?rest_route=\/wp\/v2\/pages\/22","targetHints":{"allow":["GET"]}}],"collection":[{"href":"https:\/\/cool.fingerprint.hu\/index.php?rest_route=\/wp\/v2\/pages"}],"about":[{"href":"https:\/\/cool.fingerprint.hu\/index.php?rest_route=\/wp\/v2\/types\/page"}],"author":[{"embeddable":true,"href":"https:\/\/cool.fingerprint.hu\/index.php?rest_route=\/wp\/v2\/users\/1"}],"replies":[{"embeddable":true,"href":"https:\/\/cool.fingerprint.hu\/index.php?rest_route=%2Fwp%2Fv2%2Fcomments&post=22"}],"version-history":[{"count":10,"href":"https:\/\/cool.fingerprint.hu\/index.php?rest_route=\/wp\/v2\/pages\/22\/revisions"}],"predecessor-version":[{"id":336,"href":"https:\/\/cool.fingerprint.hu\/index.php?rest_route=\/wp\/v2\/pages\/22\/revisions\/336"}],"wp:attachment":[{"href":"https:\/\/cool.fingerprint.hu\/index.php?rest_route=%2Fwp%2Fv2%2Fmedia&parent=22"}],"curies":[{"name":"wp","href":"https:\/\/api.w.org\/{rel}","templated":true}]}}